{"id":20,"date":"2020-07-17T18:59:27","date_gmt":"2020-07-17T18:59:27","guid":{"rendered":"http:\/\/www.misirliogullari.com\/?page_id=20"},"modified":"2020-07-17T18:59:34","modified_gmt":"2020-07-17T18:59:34","slug":"referanslarimiz","status":"publish","type":"page","link":"https:\/\/www.misirliogullari.com\/index.php\/referanslarimiz\/","title":{"rendered":"Referanslar\u0131m\u0131z"},"content":{"rendered":"\n<p><strong>REFERANSLARIMIZ<\/strong><\/p>\n\n\n\n<p><strong>2016-2017<\/strong>&nbsp;\u2014-&nbsp;<strong>Ak Makine Ltd. \u015eti. -TOSB<\/strong>&nbsp;(<strong>Proje ve taahh\u00fct 5.000 m\u00b2<\/strong>)<\/p>\n\n\n\n<p><strong>2015-2016<\/strong>&nbsp;\u2014-&nbsp;<strong>Tibet&nbsp; \u0130thalat \u0130hracat&nbsp; ve Kozmetik Sanayi A. \u015e.<\/strong>&nbsp;(<strong>Y.G. \u2013 A.G. Tesisleri Proje<\/strong>)<\/p>\n\n\n\n<p><strong>2015-2016<\/strong>&nbsp;\u2014-&nbsp;<strong>Hayat G\u0131da San. A.\u015e.<\/strong>&nbsp;(<strong>A.G. Tesisleri Proje<\/strong>)<\/p>\n\n\n\n<p><strong>2014-2015<\/strong>&nbsp;\u2014-&nbsp;<strong>Kormas Elektrikli Motor San.Tic.Ltd.\u015eti-TOSB<\/strong>&nbsp;(<strong>Y.G. \u2013 A.G. Tesisleri Proje ve Taahh\u00fct ( 1250 kVA) 21.000 m<sup>2<\/sup><\/strong>)<\/p>\n\n\n\n<p><strong>2010 \u2013 2011<\/strong>&nbsp;\u2014-&nbsp;<strong>KANCA EL ALETLER\u0130 D\u00d6VME \u00c7EL\u0130K A.\u015e. \u2013TOSB<\/strong>&nbsp;(<strong>Y.G. \u2013 A.G. Tesisleri Proje (23,4 MVA)<\/strong><\/p>\n\n\n\n<p><strong>2008 \u2013 2009 \u2014- S\u0130STEM TEKN\u0130K SANAY\u0130 FIRINLARI A.\u015e. \u2013TOSB<\/strong>&nbsp;(<strong>Y.G. \u2013 A.G. Tesisleri Proje ve Taahh\u00fct ( 2500 kVA) 6.500 m<sup>2<\/sup><\/strong>)<\/p>\n\n\n\n<figure class=\"wp-block-image\"><img decoding=\"async\" src=\"http:\/\/www.misirliogullarimuhendislik.net\/wp-content\/uploads\/2019\/10\/lma.jpg\" alt=\"\" class=\"wp-image-316\"\/><figcaption><strong>2008 \u2013 2009 \u2014- LMA MOT\u0130F-AL LTD \u015eT\u0130 \u2013 KOSB&nbsp; (<\/strong>&nbsp;<strong>Y.G. \u2013 A.G. Tesisleri Proje ve Taahh\u00fct&nbsp; (2500 kVA) 6.000 m<sup>2<\/sup><\/strong>&nbsp;<strong>)<\/strong><\/figcaption><\/figure>\n\n\n\n<figure class=\"wp-block-image\"><img decoding=\"async\" src=\"http:\/\/www.misirliogullarimuhendislik.net\/wp-content\/uploads\/2019\/10\/eku.jpg\" alt=\"\" class=\"wp-image-320\"\/><figcaption><strong>2003 \u2013 2006 \u2014- EKU KAMPANA SAN.VE T\u0130C.LTD. \u015eT\u0130 \u2013 TOSB<\/strong>&nbsp;(<strong>50,000 m2 kapal\u0131 alan (fabrika ve sosyal tesislerin Y.G. \u2013 A.G. Tesisleri Proje ve Taahh\u00fct\u00fc<\/strong>&nbsp;<strong>&nbsp;ve ruhsat, uygulama, as-build, makine montaj, trafolar, d\u00f6k\u00fcmhane gibi t\u00fcm elektrik projeleri (22000 kVA) 50.000 m<sup>2<\/sup>&nbsp;kapal\u0131 alan<\/strong>)<\/figcaption><\/figure>\n\n\n\n<figure class=\"wp-block-image\"><img decoding=\"async\" src=\"http:\/\/www.misirliogullarimuhendislik.net\/wp-content\/uploads\/2019\/10\/%C3%A7etinpres.jpg\" alt=\"\" class=\"wp-image-317\"\/><figcaption><strong>2009 \u2013 2010<\/strong>&nbsp;\u2014-&nbsp;<strong>\u00c7ET\u0130N PRES OTO YAN SANAY\u0130 A.\u015e. \u2013TOSB<\/strong>&nbsp;(<strong>Y.G. \u2013 A.G. Tesisleri Proje ve Taahh\u00fct &nbsp;7000 m<sup>2<\/sup><\/strong>)<\/figcaption><\/figure>\n\n\n\n<figure class=\"wp-block-image\"><img decoding=\"async\" src=\"http:\/\/www.misirliogullarimuhendislik.net\/wp-content\/uploads\/2019\/10\/sekiso.jpg\" alt=\"\" class=\"wp-image-319\"\/><figcaption><strong>2006 \u2013 2007&nbsp;<\/strong>\u2014-&nbsp;<strong>SEK\u0130SO Otomotiv SAN.VE T\u0130C. A.\u015e. \u2013 TOSB&nbsp;<\/strong>(<strong>Y.G. \u2013 A.G. Tesisleri Proje ve Taahh\u00fct ( 1000 kVA) 6000 m<sup>2<\/sup><\/strong>)<\/figcaption><\/figure>\n\n\n\n<p><strong>2007 \u2013 2008<\/strong>&nbsp;\u2014-&nbsp;<strong>ATAY MAK\u0130NA SAN.VE T\u0130C.LTD. \u015eT\u0130. \u2013 TOSB&nbsp;<\/strong>(<strong>Y.G. \u2013 A.G. Tesisleri Proje ve Taahh\u00fct<\/strong>)<\/p>\n\n\n\n<p><strong>2009 \u2013 2010 \u2014-<\/strong>&nbsp;<strong>BEJ GIDA TUR\u0130ZM \u0130N\u015e. SAN. T\u0130C. LTD. \u015eT\u0130&nbsp; \u2013SABANCI \u00dcN\u0130. TUZLA<\/strong>&nbsp;(<strong>Y.G. \u2013 A.G. Tesisleri Proje ve Taahh\u00fct<\/strong><\/p>\n\n\n\n<figure class=\"wp-block-image\"><img decoding=\"async\" src=\"http:\/\/www.misirliogullarimuhendislik.net\/wp-content\/uploads\/2019\/10\/cps.jpg\" alt=\"\" class=\"wp-image-318\"\/><figcaption><strong>2008 \u2013 2009&nbsp;<\/strong>\u2014-&nbsp;<strong>CPS PRESSFORM SAN.VE T\u0130C.LTD. \u015eT\u0130 \u2013 TOSB&nbsp;<\/strong>(<strong>Y.G. \u2013 A.G. Tesisleri Proje ve Taahh\u00fct (4\u00d72500 kVA) 10.000 m<sup>2<\/sup><\/strong>)<\/figcaption><\/figure>\n\n\n\n<p><strong>2010&nbsp;<\/strong>\u2014-&nbsp;<strong>\u00c7OLAKO\u011eLU METALURJ\u0130. A.\u015e. \u2013 DOSB<\/strong>&nbsp;(<strong>Y.G. Kablo \u015eebekesi 10 km.<\/strong>)<\/p>\n\n\n\n<p><strong>2007 \u2013 2008<\/strong>&nbsp;\u2014\u2013&nbsp;<strong>\u015eAHSUVARO\u011eLU TRAKTOR A.\u015e. \u2013 BOSB ( BANDIRMA ORGAN\u0130ZE SANAY\u0130 B\u00d6LGES\u0130 )&nbsp; (Y.G. \u2013 A.G. Tesisleri Proje ve Taahh\u00fct)<\/strong><\/p>\n\n\n\n<p><strong>2009<\/strong>&nbsp;<strong>Atalay K\u0131l\u0131\u00e7aslan (250 kVA)<\/strong><\/p>\n\n\n\n<p><strong>2007<\/strong>&nbsp;<strong>\u00dcst\u00fcnel Sanayi Tesisleri (630 kVA)<\/strong><\/p>\n\n\n\n<p><strong>2007<\/strong>&nbsp;<strong>G\u00fcndo\u011fan Konstr\u00fcksiyon San. Tic. Ltd. \u015eti Dilovas\u0131 (250 kVA)<\/strong><\/p>\n\n\n\n<p><strong>2010<\/strong>&nbsp;<strong>G\u00fcndo\u011fan Konstr\u00fcksiyon San. Tic. Ltd. \u015eti Tuzla Mermerciler O.S.B. (400 kVA)<\/strong><\/p>\n\n\n\n<figure><iframe loading=\"lazy\" width=\"800\" height=\"445\" src=\"https:\/\/www.youtube.com\/embed\/RGbEroFM2-0\" allowfullscreen=\"\"><\/iframe><\/figure>\n\n\n\n<p><strong>2007 \u2013 2007&nbsp;<\/strong><strong>Cengiz \u00dcST\u00dcNEL SANAY\u0130 TES\u0130SLER\u0130 \u2013 GEPOSB&nbsp;<\/strong>(<strong>Y.G. \u2013 A.G. Tesisleri Proje ve Tahh\u00fct<\/strong>)<\/p>\n\n\n\n<p><strong>2006 \u2013 2007<\/strong>&nbsp;<strong>Honda T\u00fcrkiye A.\u015e. \u2013 \u00c7evre Ayd\u0131nlatma<\/strong><\/p>\n\n\n\n<p><strong>1997-1999<\/strong>&nbsp;<strong>BA\u015eAKKENT Konut Yap\u0131 Kooperatifi<\/strong>&nbsp;(&nbsp;<strong>540 Konut YG\/AG Taah\u00fct&nbsp; Proje ve kabulleri(ETKB onayl\u0131 1250 kVA)<\/strong><\/p>\n\n\n\n<p><strong>1996-1997<\/strong>&nbsp;<strong>SS Kale Yurt Kap\u0131 Koop. \u2013 S.S. Sedir Koop. (ETKB onayl\u0131 2*1000 kVA)<\/strong><\/p>\n\n\n\n<p><strong>1995-1997<\/strong>&nbsp;<strong>SS. Dikimevi Mensuplar\u0131 Yap\u0131 Koop. \u2013 SS. Sara\u00e7kent Yap\u0131 Koop. \u2013 SS. \u00d6z\u00fcm Yap\u0131 Koop. (ETKB onayl\u0131 1250 kVA)<\/strong><\/p>\n\n\n\n<p><strong>1994-1995<\/strong>&nbsp;<strong>SS. Kartal Burcu Yap\u0131 Koop.- SS. Ayd\u0131nkent konut Yap\u0131 (ETKB onayl\u0131 1250 kVA)<\/strong><\/p>\n\n\n\n<p><strong>1993-1994<\/strong>&nbsp;<strong>SS. \u00d6zge Temel Yap\u0131 Koop.- SS. \u00d6zkale Yurt Yap\u0131 Koop. (Akta\u015f 1000 kVA)<\/strong><\/p>\n\n\n\n<p><strong>1992-1993<\/strong>&nbsp;<strong>SS. Eren Yap\u0131 koop. (Akta\u015f 1000 kVA)<\/strong><\/p>\n\n\n\n<p><strong>1991-1992<\/strong>&nbsp;<strong>SS. Doktor ve Eczac\u0131lar \u0130la\u00e7 \u00e7al\u0131\u015fanlar\u0131 Yap\u0131 Koop. (Akta\u015f 1000 kVA)<\/strong><\/p>\n\n\n\n<p><strong>1990-1991<\/strong>&nbsp;<strong>SS. Galatasarayl\u0131lar Yap\u0131 Koop. (Akta\u015f 1000 kVA)<\/strong><\/p>\n\n\n\n<p><strong>1989-1990<\/strong>&nbsp;<strong>SS. Oras Yap\u0131 Koop. (Akta\u015f 1000 kVA)<\/strong><\/p>\n\n\n\n<p><strong>1988-1989<\/strong>&nbsp;<strong>MEB Koca Sinan End\u00fcstri Meslek Lisesi Master Plan Projesi (1000 kVA)<\/strong><\/p>\n\n\n\n<p><strong>1987-1988<\/strong>&nbsp;<strong>SS. U\u011fur \u0130\u015f\u00e7i Yap\u0131 Koop.- SS. Ormed Yap\u0131 Koop. (630 kVA)<\/strong><\/p>\n","protected":false},"excerpt":{"rendered":"<p>REFERANSLARIMIZ 2016-2017&nbsp;\u2014-&nbsp;Ak Makine Ltd. \u015eti. -TOSB&nbsp;(Proje ve taahh\u00fct 5.000 m\u00b2) 2015-2016&nbsp;\u2014-&nbsp;Tibet&nbsp; \u0130thalat \u0130hracat&nbsp; ve Kozmetik Sanayi A. \u015e.&nbsp;(Y.G. \u2013 A.G. Tesisleri Proje) 2015-2016&nbsp;\u2014-&nbsp;Hayat G\u0131da San&#8230;.<\/p>\n","protected":false},"author":1,"featured_media":21,"parent":0,"menu_order":0,"comment_status":"closed","ping_status":"closed","template":"","meta":{"footnotes":""},"class_list":["post-20","page","type-page","status-publish","has-post-thumbnail","hentry"],"_links":{"self":[{"href":"https:\/\/www.misirliogullari.com\/index.php\/wp-json\/wp\/v2\/pages\/20"}],"collection":[{"href":"https:\/\/www.misirliogullari.com\/index.php\/wp-json\/wp\/v2\/pages"}],"about":[{"href":"https:\/\/www.misirliogullari.com\/index.php\/wp-json\/wp\/v2\/types\/page"}],"author":[{"embeddable":true,"href":"https:\/\/www.misirliogullari.com\/index.php\/wp-json\/wp\/v2\/users\/1"}],"replies":[{"embeddable":true,"href":"https:\/\/www.misirliogullari.com\/index.php\/wp-json\/wp\/v2\/comments?post=20"}],"version-history":[{"count":1,"href":"https:\/\/www.misirliogullari.com\/index.php\/wp-json\/wp\/v2\/pages\/20\/revisions"}],"predecessor-version":[{"id":22,"href":"https:\/\/www.misirliogullari.com\/index.php\/wp-json\/wp\/v2\/pages\/20\/revisions\/22"}],"wp:featuredmedia":[{"embeddable":true,"href":"https:\/\/www.misirliogullari.com\/index.php\/wp-json\/wp\/v2\/media\/21"}],"wp:attachment":[{"href":"https:\/\/www.misirliogullari.com\/index.php\/wp-json\/wp\/v2\/media?parent=20"}],"curies":[{"name":"wp","href":"https:\/\/api.w.org\/{rel}","templated":true}]}}