{"id":32,"date":"2020-07-17T19:10:52","date_gmt":"2020-07-17T19:10:52","guid":{"rendered":"http:\/\/www.misirliogullari.com\/?page_id=32"},"modified":"2020-07-17T19:12:10","modified_gmt":"2020-07-17T19:12:10","slug":"sedat-misir-kimdir","status":"publish","type":"page","link":"https:\/\/www.misirliogullari.com\/index.php\/sedat-misir-kimdir\/","title":{"rendered":"Sedat MISIR Kimdir?"},"content":{"rendered":"\n<figure><iframe loading=\"lazy\" width=\"800\" height=\"445\" src=\"https:\/\/www.youtube.com\/embed\/-Cy2vhdMsLQ\" allowfullscreen=\"\"><\/iframe><\/figure>\n\n\n\n<p><em>Sedat M\u0131s\u0131r,1956 y\u0131l\u0131nda Artvin Ortak\u00f6y\u2019de do\u011fdu. \u0130lkokulu k\u00f6y\u00fcnde, Ortaokulu &nbsp;Maltepe Lisesi orta k\u0131sm\u0131nda,Liseyi, &nbsp;Haydar Pa\u015fa End. Meslek Lisesi<\/em>&nbsp;<em>Elektrik B\u00f6l\u00fcm\u00fcnde okudu. &nbsp;<\/em><\/p>\n\n\n\n<div class=\"wp-block-image\"><figure class=\"alignleft is-resized\"><img loading=\"lazy\" decoding=\"async\" src=\"http:\/\/www.misirliogullarimuhendislik.net\/wp-content\/uploads\/2019\/10\/sedat-m%C4%B1s%C4%B1r.jpg\" alt=\"\" class=\"wp-image-272\" width=\"186\" height=\"186\"\/><\/figure><\/div>\n\n\n\n<p><em>YT\u00dc Kocaeli Elektrik b\u00f6l\u00fcm\u00fcnden 1979-1980 \u00f6\u011fretim y\u0131l\u0131nda mezun olup,&nbsp;<\/em><em>1984 y\u0131l\u0131nda askerlik g\u00f6revini yapt\u0131.&nbsp;<\/em><em>\u0130T\u00dc Elektrik-Elektronik Fak\u00fcltesi Elektrik M\u00fchendisli\u011fi B\u00f6l\u00fcm\u00fc\u2019n\u00fc bitirdi.<\/em><\/p>\n\n\n\n<p><em>Mesle\u011fiyle ilgili ECA, Pima\u015f, \u00c7olako\u011flu, Siemens gibi \u00f6zel sekt\u00f6rlerde \u00e7al\u0131\u015ft\u0131.Bu esnada Elektromekanik, \u00e7elik konstr\u00fcksiyon, vin\u00e7ler, ark f\u0131r\u0131nlar\u0131, ar\u0131tma tesisleri,<\/em><em>elektro montaj, ar\u0131za analizleri ve A.G.\/ O.G. &nbsp;konular\u0131nda deneyim kazand\u0131.<\/em><\/p>\n\n\n\n<p><em>Bu s\u00fcre i\u00e7erisinde &nbsp;P\u0131nar S\u00fct (\u0130zmir) , T\u00fcrkiye \u015eeker Fabrikalar\u0131(Konya), Petkim(Kocaeli), Hilton (\u0130stanbul) ,&nbsp;<\/em><em>THY (Ye\u015filk\u00f6y), &nbsp;Ant Birlik (Antalya), Ba\u011fdat Hava Yollar\u0131 (Irak) vs. &nbsp;gibi \u015falt sistemleri ile ilgili panolar\u0131n proje ve tatbikat\u0131nda \u00e7al\u0131\u015ft\u0131. &nbsp;&nbsp;<\/em><\/p>\n\n\n\n<p><em>1975 y\u0131l\u0131nda M\u0131s\u0131rl\u0131o\u011fullar\u0131 M\u00fchendislik firmas\u0131n\u0131 kurarak &nbsp;serbest \u00e7al\u0131\u015fmaya ba\u015flam\u0131\u015f olup, halen taahh\u00fct ve proje konular\u0131 ile &nbsp;ilgili faliyetlerini devam ettirmekte.&nbsp;<\/em><em>50 y\u0131ll\u0131k mesleki deneyimlerinde binlerce konut ve i\u015fyeri tesisleri yapt\u0131,<\/em><\/p>\n\n\n\n<p><em>\u015eehircilik, toplu konut, End\u00fcstriyel sanayi projeleri ve Organize Sanayi B\u00f6lgeleri &nbsp;konusunda &nbsp;birikim kazan\u0131p elektrik tesisi &nbsp;ihtisas alanlar\u0131 olmu\u015ftur.<\/em><em>Master plan \u00e7er\u00e7evesinde trafo istasyonlar\u0131 kurdu, &nbsp;<\/em><\/p>\n\n\n\n<p><em>Enerji nakil hatt\u0131, yer alt\u0131 kablo \u015febekeleri, askeri k\u0131\u015flalar, okullar, toplu bar\u0131nak yerleri, spor kompleksleri, fabrikalar, depolar gibi tesislerle \u00e7e\u015fitli sekt\u00f6rlerde elektromekanik projeler bitirdi.<\/em><\/p>\n\n\n\n<p><em>Elektrik tesisat, tasar\u0131m, proje, et\u00fcd, kat-i ke\u015fif, kesin hesaplar, bilirki\u015filikler, m\u00fcfredat\u0131ndad\u0131r.<\/em><\/p>\n\n\n\n<p><em>K\u00fcreselle\u015fen d\u00fcnyada sekt\u00f6r\u00fcndeki bo\u015flu\u011fu sezinleyerek, &nbsp;kendi deyimiyle; \u201c<\/em><strong><em><strong><em>teorikle prati\u011fin &nbsp;bulu\u015ftu\u011fu noktalar<\/em><\/strong><\/em><\/strong><em>\u201dda projeler \u00fcretip mesle\u011fiyle ilgili uluslar aras\u0131 d\u00fczeyde insanl\u0131k ve \u00fclkelerin geli\u015fmesi ile s\u00fcrekli bar\u0131\u015fa katk\u0131l\u0131 olmaya \u00e7al\u0131\u015fm\u0131\u015ft\u0131r. \u00dclkemizde &nbsp;\u00e7ok say\u0131da a\u011f\u0131r sanayi projelerini hayata ge\u00e7irmi\u015ftir.<\/em><\/p>\n","protected":false},"excerpt":{"rendered":"<p>Sedat M\u0131s\u0131r,1956 y\u0131l\u0131nda Artvin Ortak\u00f6y\u2019de do\u011fdu. \u0130lkokulu k\u00f6y\u00fcnde, Ortaokulu &nbsp;Maltepe Lisesi orta k\u0131sm\u0131nda,Liseyi, &nbsp;Haydar Pa\u015fa End. Meslek Lisesi&nbsp;Elektrik B\u00f6l\u00fcm\u00fcnde okudu. &nbsp; YT\u00dc Kocaeli Elektrik b\u00f6l\u00fcm\u00fcnden&#8230;<\/p>\n","protected":false},"author":1,"featured_media":0,"parent":0,"menu_order":0,"comment_status":"closed","ping_status":"closed","template":"","meta":{"footnotes":""},"class_list":["post-32","page","type-page","status-publish","hentry"],"_links":{"self":[{"href":"https:\/\/www.misirliogullari.com\/index.php\/wp-json\/wp\/v2\/pages\/32"}],"collection":[{"href":"https:\/\/www.misirliogullari.com\/index.php\/wp-json\/wp\/v2\/pages"}],"about":[{"href":"https:\/\/www.misirliogullari.com\/index.php\/wp-json\/wp\/v2\/types\/page"}],"author":[{"embeddable":true,"href":"https:\/\/www.misirliogullari.com\/index.php\/wp-json\/wp\/v2\/users\/1"}],"replies":[{"embeddable":true,"href":"https:\/\/www.misirliogullari.com\/index.php\/wp-json\/wp\/v2\/comments?post=32"}],"version-history":[{"count":2,"href":"https:\/\/www.misirliogullari.com\/index.php\/wp-json\/wp\/v2\/pages\/32\/revisions"}],"predecessor-version":[{"id":35,"href":"https:\/\/www.misirliogullari.com\/index.php\/wp-json\/wp\/v2\/pages\/32\/revisions\/35"}],"wp:attachment":[{"href":"https:\/\/www.misirliogullari.com\/index.php\/wp-json\/wp\/v2\/media?parent=32"}],"curies":[{"name":"wp","href":"https:\/\/api.w.org\/{rel}","templated":true}]}}