{"id":36,"date":"2020-07-17T19:14:12","date_gmt":"2020-07-17T19:14:12","guid":{"rendered":"http:\/\/www.misirliogullari.com\/?page_id=36"},"modified":"2022-12-19T13:35:30","modified_gmt":"2022-12-19T13:35:30","slug":"iletisi","status":"publish","type":"page","link":"https:\/\/www.misirliogullari.com\/index.php\/iletisi\/","title":{"rendered":"\u0130leti\u015fim"},"content":{"rendered":"\n<p class=\"has-text-align-center\">Orta Mahalle Tiryaki Hasanpa\u015fa Cad. No:14<br>So\u011fanl\u0131k-Kartal-\u0130STANBUL<br>Telefon : 0216-452 97 20 \/ 21 \/ 22 \/ 23<\/p>\n\n\n\n<p class=\"has-text-align-center\">GSM: 0532 713 92 56<br>Fax : 0216-452 12 04<br>E-Posta : sedat.misir@gmail.com<br><a rel=\"noreferrer noopener\" href=\"http:\/\/www.misirliogullari.com\/\" target=\"_blank\">www.misirliogullari.com<\/a><\/p>\n\n\n\n<figure><iframe loading=\"lazy\" width=\"800\" height=\"445\" src=\"https:\/\/www.youtube.com\/embed\/-Cy2vhdMsLQ\" allowfullscreen=\"\"><\/iframe><\/figure>\n\n\n\n<p><\/p>\n","protected":false},"excerpt":{"rendered":"<p>Orta Mahalle Tiryaki Hasanpa\u015fa Cad. No:14So\u011fanl\u0131k-Kartal-\u0130STANBULTelefon : 0216-452 97 20 \/ 21 \/ 22 \/ 23 GSM: 0532 713 92 56Fax : 0216-452 12 04E-Posta&#8230;<\/p>\n","protected":false},"author":1,"featured_media":0,"parent":0,"menu_order":0,"comment_status":"closed","ping_status":"closed","template":"","meta":{"footnotes":""},"class_list":["post-36","page","type-page","status-publish","hentry"],"_links":{"self":[{"href":"https:\/\/www.misirliogullari.com\/index.php\/wp-json\/wp\/v2\/pages\/36"}],"collection":[{"href":"https:\/\/www.misirliogullari.com\/index.php\/wp-json\/wp\/v2\/pages"}],"about":[{"href":"https:\/\/www.misirliogullari.com\/index.php\/wp-json\/wp\/v2\/types\/page"}],"author":[{"embeddable":true,"href":"https:\/\/www.misirliogullari.com\/index.php\/wp-json\/wp\/v2\/users\/1"}],"replies":[{"embeddable":true,"href":"https:\/\/www.misirliogullari.com\/index.php\/wp-json\/wp\/v2\/comments?post=36"}],"version-history":[{"count":4,"href":"https:\/\/www.misirliogullari.com\/index.php\/wp-json\/wp\/v2\/pages\/36\/revisions"}],"predecessor-version":[{"id":228,"href":"https:\/\/www.misirliogullari.com\/index.php\/wp-json\/wp\/v2\/pages\/36\/revisions\/228"}],"wp:attachment":[{"href":"https:\/\/www.misirliogullari.com\/index.php\/wp-json\/wp\/v2\/media?parent=36"}],"curies":[{"name":"wp","href":"https:\/\/api.w.org\/{rel}","templated":true}]}}