{"id":41,"date":"2020-07-17T19:17:47","date_gmt":"2020-07-17T19:17:47","guid":{"rendered":"http:\/\/www.misirliogullari.com\/?page_id=41"},"modified":"2020-07-17T19:17:52","modified_gmt":"2020-07-17T19:17:52","slug":"santiye-goruntuleri","status":"publish","type":"page","link":"https:\/\/www.misirliogullari.com\/index.php\/santiye-goruntuleri\/","title":{"rendered":"\u015eantiye G\u00f6r\u00fcnt\u00fcleri"},"content":{"rendered":"\n<figure class=\"wp-block-image is-resized\"><img loading=\"lazy\" decoding=\"async\" src=\"http:\/\/www.misirliogullarimuhendislik.net\/wp-content\/uploads\/2019\/10\/smreee-1-1024x444.png\" alt=\"\" class=\"wp-image-255\" width=\"751\" height=\"325\"\/><\/figure>\n\n\n\n<ul class=\"wp-block-list\"><li><a href=\"http:\/\/www.misirliogullarimuhendislik.net\/2019\/10\/25\/a-g-tesislerinde-olusan-asiri-gerilimlerin-nedenleri-ve-alinmasi-gereken-onlemler\/\">A.G. Tesislerinde Olu\u015fan A\u015f\u0131r\u0131 Gerilimlerin Nedenleri ve Al\u0131nmas\u0131 Gereken \u00d6nlemler<\/a><\/li><li><a href=\"http:\/\/www.misirliogullarimuhendislik.net\/2019\/10\/25\/gunumuzde-elektrik-proje-ve-teknik-egitim-sisteminin-genel-analizi\/\">G\u00fcn\u00fcm\u00fczde elektrik proje ve teknik e\u011fitim sisteminin genel analizi<\/a><\/li><li><a href=\"http:\/\/www.misirliogullarimuhendislik.net\/2019\/10\/25\/trafo-merkezi-nasil-isletilir\/\">Trafo Merkezi Nas\u0131l \u0130\u015fletilir?<\/a><\/li><li><a href=\"http:\/\/www.misirliogullarimuhendislik.net\/2019\/10\/25\/iletim-hatlarinda-diferansiyel-koruma\/\">\u0130letim Hatlar\u0131nda Diferansiyel Koruma<\/a><\/li><li><a href=\"http:\/\/www.misirliogullarimuhendislik.net\/2019\/10\/25\/elektrik-tesislerinde-sigorta-secimi\/\">Elektrik Tesislerinde Sigorta Se\u00e7imi<\/a><\/li><\/ul>\n","protected":false},"excerpt":{"rendered":"<p>A.G. Tesislerinde Olu\u015fan A\u015f\u0131r\u0131 Gerilimlerin Nedenleri ve Al\u0131nmas\u0131 Gereken \u00d6nlemler G\u00fcn\u00fcm\u00fczde elektrik proje ve teknik e\u011fitim sisteminin genel analizi Trafo Merkezi Nas\u0131l \u0130\u015fletilir? \u0130letim Hatlar\u0131nda&#8230;<\/p>\n","protected":false},"author":1,"featured_media":0,"parent":0,"menu_order":0,"comment_status":"closed","ping_status":"closed","template":"","meta":{"footnotes":""},"class_list":["post-41","page","type-page","status-publish","hentry"],"_links":{"self":[{"href":"https:\/\/www.misirliogullari.com\/index.php\/wp-json\/wp\/v2\/pages\/41"}],"collection":[{"href":"https:\/\/www.misirliogullari.com\/index.php\/wp-json\/wp\/v2\/pages"}],"about":[{"href":"https:\/\/www.misirliogullari.com\/index.php\/wp-json\/wp\/v2\/types\/page"}],"author":[{"embeddable":true,"href":"https:\/\/www.misirliogullari.com\/index.php\/wp-json\/wp\/v2\/users\/1"}],"replies":[{"embeddable":true,"href":"https:\/\/www.misirliogullari.com\/index.php\/wp-json\/wp\/v2\/comments?post=41"}],"version-history":[{"count":1,"href":"https:\/\/www.misirliogullari.com\/index.php\/wp-json\/wp\/v2\/pages\/41\/revisions"}],"predecessor-version":[{"id":42,"href":"https:\/\/www.misirliogullari.com\/index.php\/wp-json\/wp\/v2\/pages\/41\/revisions\/42"}],"wp:attachment":[{"href":"https:\/\/www.misirliogullari.com\/index.php\/wp-json\/wp\/v2\/media?parent=41"}],"curies":[{"name":"wp","href":"https:\/\/api.w.org\/{rel}","templated":true}]}}