{"id":68,"date":"2020-07-17T19:54:03","date_gmt":"2020-07-17T19:54:03","guid":{"rendered":"http:\/\/www.misirliogullari.com\/?page_id=68"},"modified":"2020-07-19T10:45:11","modified_gmt":"2020-07-19T10:45:11","slug":"hizmetlerimiz","status":"publish","type":"page","link":"https:\/\/www.misirliogullari.com\/index.php\/hizmetlerimiz\/","title":{"rendered":"Hizmetlerimiz"},"content":{"rendered":"\n<p>M\u0131s\u0131rl\u0131o\u011fullar\u0131 M\u00fchendislik elektrik ve enerji sekt\u00f6r\u00fcne\ny\u00f6nelik proje, taahh\u00fct, malzeme sat\u0131\u015f\u0131, m\u00fchendislik ve m\u00fc\u015favirlik konusunda\nhizmet vermektedir.<\/p>\n\n\n\n<p><strong><em>Faaliyet Alanlar\u0131m\u0131z;<\/em><\/strong><\/p>\n\n\n\n<p><strong><em>1-Enerji Nakil Hatlar\u0131 Tesisleri<\/em><\/strong><\/p>\n\n\n\n<p><strong><em>2-Orta Gerilim  Trafo Merkezleri <\/em><\/strong><\/p>\n\n\n\n<ul class=\"wp-block-list\"><li>O.G ana da\u011f\u0131t\u0131m tesisat\u0131<\/li><li>Trafo merkezleri \u015falt devresi tesisat\u0131<\/li><li>O.G koruma-\u00f6l\u00e7\u00fc kumanda devresi tesisat\u0131<\/li><li>Ak\u00fc-redres\u00f6r sistemi<\/li><\/ul>\n\n\n\n<p><strong><em>3-Al\u00e7ak Gerilim Sistemleri<\/em><\/strong><\/p>\n\n\n\n<ul class=\"wp-block-list\"><li>IEC-60439-1 Tip Testli A.G. panolar\u0131<\/li><li>Ana Da\u011f\u0131t\u0131m Panolar\u0131<\/li><li>Kompanzasyon Panolar\u0131<\/li><li>Otomatik Kumanda Panolar\u0131<\/li><li>Genel kuvvet tesisat\u0131<\/li><li>Is\u0131tma-havaland\u0131rma-klima kuvvet sistemleri<\/li><li>Dahili ve d\u0131\u015f ayd\u0131nlatma sistemleri<\/li><li>Kesintisiz g\u00fc\u00e7 kayna\u011f\u0131 (UPS) sistemi ve tesisat\u0131<\/li><li>Yedek g\u00fc\u00e7 (generat\u00f6r) tesisat\u0131&nbsp; <\/li><\/ul>\n\n\n\n<p><strong><em>4-Topraklama ve Y\u0131ld\u0131r\u0131mdan Korunma Sistemleri<\/em><\/strong><\/p>\n\n\n\n<ul class=\"wp-block-list\"><li>Topraklay\u0131c\u0131 sistemi (temel, y\u00fczeysel, derin topraklay\u0131c\u0131lar)<\/li><li>Koruma topraklamas\u0131<\/li><li>Potansiyel dengeleme topraklamas\u0131<\/li><li>Elektronik sistemler i\u015fletme topraklamas\u0131<\/li><li>Y\u0131ld\u0131r\u0131mdan i\u00e7 ve d\u0131\u015f korunma<\/li><\/ul>\n\n\n\n<p><strong><em>5- Zay\u0131f Ak\u0131m Sistemleri<\/em><\/strong><\/p>\n\n\n\n<ul class=\"wp-block-list\"><li>Yang\u0131n Alg\u0131lama ve Alarm Sistemleri<\/li><li>Kapal\u0131 Devre Televizyon Sistemleri<\/li><li>M\u00fczik Yay\u0131n ve Anons Sistemleri<\/li><li>Merkezi Uydu Sistemleri<\/li><li>G\u00f6r\u00fcnt\u00fc Diyafon Sistemleri<\/li><li>Telefon tesisat\u0131 (yap\u0131sal kablolama)<\/li><li>Bilgi i\u015flem tesisat\u0131 (yap\u0131sal kablolama)<\/li><li>Bina otomasyonu ana da\u011f\u0131t\u0131m tesisat\u0131<\/li><\/ul>\n\n\n\n<p>Katalo\u011fumuza ula\u015fmak i\u00e7in <a href=\"http:\/\/www.misirliogullari.com\/wp-content\/uploads\/2020\/07\/KATALOG.pdf\" target=\"_blank\" rel=\"noreferrer noopener\">TIKLAYINIZ<\/a><\/p>\n","protected":false},"excerpt":{"rendered":"<p>M\u0131s\u0131rl\u0131o\u011fullar\u0131 M\u00fchendislik elektrik ve enerji sekt\u00f6r\u00fcne y\u00f6nelik proje, taahh\u00fct, malzeme sat\u0131\u015f\u0131, m\u00fchendislik ve m\u00fc\u015favirlik konusunda hizmet vermektedir. Faaliyet Alanlar\u0131m\u0131z; 1-Enerji Nakil Hatlar\u0131 Tesisleri 2-Orta Gerilim&#8230;<\/p>\n","protected":false},"author":1,"featured_media":26,"parent":0,"menu_order":0,"comment_status":"closed","ping_status":"closed","template":"","meta":{"footnotes":""},"class_list":["post-68","page","type-page","status-publish","has-post-thumbnail","hentry"],"_links":{"self":[{"href":"https:\/\/www.misirliogullari.com\/index.php\/wp-json\/wp\/v2\/pages\/68"}],"collection":[{"href":"https:\/\/www.misirliogullari.com\/index.php\/wp-json\/wp\/v2\/pages"}],"about":[{"href":"https:\/\/www.misirliogullari.com\/index.php\/wp-json\/wp\/v2\/types\/page"}],"author":[{"embeddable":true,"href":"https:\/\/www.misirliogullari.com\/index.php\/wp-json\/wp\/v2\/users\/1"}],"replies":[{"embeddable":true,"href":"https:\/\/www.misirliogullari.com\/index.php\/wp-json\/wp\/v2\/comments?post=68"}],"version-history":[{"count":2,"href":"https:\/\/www.misirliogullari.com\/index.php\/wp-json\/wp\/v2\/pages\/68\/revisions"}],"predecessor-version":[{"id":132,"href":"https:\/\/www.misirliogullari.com\/index.php\/wp-json\/wp\/v2\/pages\/68\/revisions\/132"}],"wp:featuredmedia":[{"embeddable":true,"href":"https:\/\/www.misirliogullari.com\/index.php\/wp-json\/wp\/v2\/media\/26"}],"wp:attachment":[{"href":"https:\/\/www.misirliogullari.com\/index.php\/wp-json\/wp\/v2\/media?parent=68"}],"curies":[{"name":"wp","href":"https:\/\/api.w.org\/{rel}","templated":true}]}}